{"id":101,"date":"2019-08-17T18:12:29","date_gmt":"2019-08-17T18:12:29","guid":{"rendered":"https:\/\/www.bewusst-im-fluss.ch\/?page_id=101"},"modified":"2023-03-10T05:40:41","modified_gmt":"2023-03-10T05:40:41","slug":"ueber-mich","status":"publish","type":"page","link":"https:\/\/marinapierer.ch\/?page_id=101","title":{"rendered":"\u00dcber mich"},"content":{"rendered":"\n<div class=\"is-layout-flex wp-container-3 wp-block-columns has-2-columns\">\n<div class=\"is-layout-flow wp-block-column\">\n<p class=\"has-ast-global-color-5-background-color has-background has-small-font-size\">             <\/p>\n\n\n\n<div class=\"wp-block-cover is-light\"><span aria-hidden=\"true\" class=\"wp-block-cover__background has-background-dim-0 has-background-dim\"><\/span><img decoding=\"async\" loading=\"lazy\" width=\"1343\" height=\"890\" class=\"wp-block-cover__image-background wp-image-279\" alt=\"\" src=\"https:\/\/marinapierer.ch\/wp-content\/uploads\/2023\/03\/Marina_Pierer.png\" data-object-fit=\"cover\" srcset=\"https:\/\/marinapierer.ch\/wp-content\/uploads\/2023\/03\/Marina_Pierer.png 1343w, https:\/\/marinapierer.ch\/wp-content\/uploads\/2023\/03\/Marina_Pierer-300x199.png 300w, https:\/\/marinapierer.ch\/wp-content\/uploads\/2023\/03\/Marina_Pierer-1024x679.png 1024w, https:\/\/marinapierer.ch\/wp-content\/uploads\/2023\/03\/Marina_Pierer-768x509.png 768w\" sizes=\"(max-width: 1343px) 100vw, 1343px\" \/><div class=\"wp-block-cover__inner-container\">\n<p class=\"has-text-align-center has-large-font-size\"><\/p>\n<\/div><\/div>\n<\/div>\n\n\n\n<div class=\"is-layout-flow wp-block-column\">\n<p class=\"has-ast-global-color-5-background-color has-background has-small-font-size\">              <\/p>\n\n\n\n<h2>Marina Pierer<\/h2>\n\n\n\n<p>Aufgrund pers\u00f6nlicher Erfahrungen bin ich schon sehr fr\u00fch mit der chinesischen Medizin in Verbindung gekommen und habe bereits da erkannt, was f\u00fcr eine wunderbare Heilkunst die TCM ist. Mich begeistert vor allem, dass alle Ebenen behandelt werden &#8211; der K\u00f6rper sowie auch der Geist. Deren Wechselwirkung ist in der TCM stets Bestandteil der Gesamtsicht auf einen erkrankten Zustand. Wie es ein altes Sprichtwort sagt: <em>&#8222;Man kann den K\u00f6rper nicht ohne die Seele heilen und die Seele nicht ohne den K\u00f6rper.&#8220;<\/em><\/p>\n\n\n\n<h4>Meine Ausbildungshistorie<\/h4>\n\n\n\n<p>2020 &#8211; 2021 Nat\u00fcrliche Westliche Arzneimittel<\/p>\n\n\n\n<p>2018 &#8211; 2021 Psychosomatik und Prozessbegleitung<\/p>\n\n\n\n<p>2018 &#8211; 2019 Akupressur-Ausbildung und Abschluss<\/p>\n\n\n\n<p>2014 &#8211; 2019 Grundlagen der westlichen Medizin <\/p>\n\n\n\n<p>2014 &#8211; 2017 Grundlagen der Traditionellen Chinesischen Medizin<\/p>\n\n\n\n<p>2008 &#8211; 2012 Studium der Kommunikation<\/p>\n\n\n\n<p class=\"has-ast-global-color-5-background-color has-background\">  <\/p>\n\n\n\n<p><\/p>\n<\/div>\n<\/div>\n","protected":false},"excerpt":{"rendered":"<p>Marina Pierer Aufgrund pers\u00f6nlicher Erfahrungen bin ich schon sehr fr\u00fch mit der chinesischen Medizin in Verbindung gekommen und habe bereits da erkannt, was f\u00fcr eine wunderbare Heilkunst die TCM ist. Mich begeistert vor allem, dass alle Ebenen behandelt werden &#8211; der K\u00f6rper sowie auch der Geist. Deren Wechselwirkung ist in der TCM stets Bestandteil der &hellip;<\/p>\n<p class=\"read-more\"> <a class=\"\" href=\"https:\/\/marinapierer.ch\/?page_id=101\"> <span class=\"screen-reader-text\">\u00dcber mich<\/span> Weiterlesen &raquo;<\/a><\/p>\n","protected":false},"author":1,"featured_media":0,"parent":0,"menu_order":0,"comment_status":"closed","ping_status":"closed","template":"","meta":{"site-sidebar-layout":"default","site-content-layout":"plain-container","ast-global-header-display":"","ast-main-header-display":"","ast-hfb-above-header-display":"","ast-hfb-below-header-display":"","ast-hfb-mobile-header-display":"","site-post-title":"","ast-breadcrumbs-content":"","ast-featured-img":"","footer-sml-layout":"","theme-transparent-header-meta":"default","adv-header-id-meta":"","stick-header-meta":"","header-above-stick-meta":"","header-main-stick-meta":"","header-below-stick-meta":""},"yoast_head":"<!-- This site is optimized with the Yoast SEO plugin v20.7 - https:\/\/yoast.com\/wordpress\/plugins\/seo\/ -->\n<title>\u00dcber mich - TCM Marina Pierer<\/title>\n<meta name=\"robots\" content=\"index, follow, max-snippet:-1, max-image-preview:large, max-video-preview:-1\" \/>\n<link rel=\"canonical\" href=\"https:\/\/marinapierer.ch\/?page_id=101\" \/>\n<meta property=\"og:locale\" content=\"de_DE\" \/>\n<meta property=\"og:type\" content=\"article\" \/>\n<meta property=\"og:title\" content=\"\u00dcber mich - TCM Marina Pierer\" \/>\n<meta property=\"og:description\" content=\"Marina Pierer Aufgrund pers\u00f6nlicher Erfahrungen bin ich schon sehr fr\u00fch mit der chinesischen Medizin in Verbindung gekommen und habe bereits da erkannt, was f\u00fcr eine wunderbare Heilkunst die TCM ist. Mich begeistert vor allem, dass alle Ebenen behandelt werden &#8211; der K\u00f6rper sowie auch der Geist. Deren Wechselwirkung ist in der TCM stets Bestandteil der &hellip; \u00dcber mich Weiterlesen &raquo;\" \/>\n<meta property=\"og:url\" content=\"https:\/\/marinapierer.ch\/?page_id=101\" \/>\n<meta property=\"og:site_name\" content=\"TCM Marina Pierer\" \/>\n<meta property=\"article:modified_time\" content=\"2023-03-10T05:40:41+00:00\" \/>\n<meta property=\"og:image\" content=\"https:\/\/marinapierer.ch\/wp-content\/uploads\/2023\/03\/Marina_Pierer.png\" \/>\n<meta name=\"twitter:card\" content=\"summary_large_image\" \/>\n<meta name=\"twitter:label1\" content=\"Gesch\u00e4tzte Lesezeit\" \/>\n\t<meta name=\"twitter:data1\" content=\"1\u00a0Minute\" \/>\n<script type=\"application\/ld+json\" class=\"yoast-schema-graph\">{\"@context\":\"https:\/\/schema.org\",\"@graph\":[{\"@type\":\"WebPage\",\"@id\":\"https:\/\/marinapierer.ch\/?page_id=101\",\"url\":\"https:\/\/marinapierer.ch\/?page_id=101\",\"name\":\"\u00dcber mich - TCM Marina Pierer\",\"isPartOf\":{\"@id\":\"https:\/\/marinapierer.ch\/#website\"},\"datePublished\":\"2019-08-17T18:12:29+00:00\",\"dateModified\":\"2023-03-10T05:40:41+00:00\",\"breadcrumb\":{\"@id\":\"https:\/\/marinapierer.ch\/?page_id=101#breadcrumb\"},\"inLanguage\":\"de\",\"potentialAction\":[{\"@type\":\"ReadAction\",\"target\":[\"https:\/\/marinapierer.ch\/?page_id=101\"]}]},{\"@type\":\"BreadcrumbList\",\"@id\":\"https:\/\/marinapierer.ch\/?page_id=101#breadcrumb\",\"itemListElement\":[{\"@type\":\"ListItem\",\"position\":1,\"name\":\"Startseite\",\"item\":\"https:\/\/marinapierer.ch\/\"},{\"@type\":\"ListItem\",\"position\":2,\"name\":\"\u00dcber mich\"}]},{\"@type\":\"WebSite\",\"@id\":\"https:\/\/marinapierer.ch\/#website\",\"url\":\"https:\/\/marinapierer.ch\/\",\"name\":\"TCM Marina Pierer\",\"description\":\"Praxis f\u00fcr chinesische Medizin\",\"publisher\":{\"@id\":\"https:\/\/marinapierer.ch\/#organization\"},\"potentialAction\":[{\"@type\":\"SearchAction\",\"target\":{\"@type\":\"EntryPoint\",\"urlTemplate\":\"https:\/\/marinapierer.ch\/?s={search_term_string}\"},\"query-input\":\"required name=search_term_string\"}],\"inLanguage\":\"de\"},{\"@type\":\"Organization\",\"@id\":\"https:\/\/marinapierer.ch\/#organization\",\"name\":\"TCM Marina Pierer\",\"url\":\"https:\/\/marinapierer.ch\/\",\"logo\":{\"@type\":\"ImageObject\",\"inLanguage\":\"de\",\"@id\":\"https:\/\/marinapierer.ch\/#\/schema\/logo\/image\/\",\"url\":\"https:\/\/marinapierer.ch\/wp-content\/uploads\/2023\/03\/cropped-Logo_TCM_Marina_Pierer_2023_1.jpg\",\"contentUrl\":\"https:\/\/marinapierer.ch\/wp-content\/uploads\/2023\/03\/cropped-Logo_TCM_Marina_Pierer_2023_1.jpg\",\"width\":1913,\"height\":594,\"caption\":\"TCM Marina Pierer\"},\"image\":{\"@id\":\"https:\/\/marinapierer.ch\/#\/schema\/logo\/image\/\"}}]}<\/script>\n<!-- \/ Yoast SEO plugin. -->","yoast_head_json":{"title":"\u00dcber mich - TCM Marina Pierer","robots":{"index":"index","follow":"follow","max-snippet":"max-snippet:-1","max-image-preview":"max-image-preview:large","max-video-preview":"max-video-preview:-1"},"canonical":"https:\/\/marinapierer.ch\/?page_id=101","og_locale":"de_DE","og_type":"article","og_title":"\u00dcber mich - TCM Marina Pierer","og_description":"Marina Pierer Aufgrund pers\u00f6nlicher Erfahrungen bin ich schon sehr fr\u00fch mit der chinesischen Medizin in Verbindung gekommen und habe bereits da erkannt, was f\u00fcr eine wunderbare Heilkunst die TCM ist. Mich begeistert vor allem, dass alle Ebenen behandelt werden &#8211; der K\u00f6rper sowie auch der Geist. Deren Wechselwirkung ist in der TCM stets Bestandteil der &hellip; \u00dcber mich Weiterlesen &raquo;","og_url":"https:\/\/marinapierer.ch\/?page_id=101","og_site_name":"TCM Marina Pierer","article_modified_time":"2023-03-10T05:40:41+00:00","og_image":[{"url":"https:\/\/marinapierer.ch\/wp-content\/uploads\/2023\/03\/Marina_Pierer.png"}],"twitter_card":"summary_large_image","twitter_misc":{"Gesch\u00e4tzte Lesezeit":"1\u00a0Minute"},"schema":{"@context":"https:\/\/schema.org","@graph":[{"@type":"WebPage","@id":"https:\/\/marinapierer.ch\/?page_id=101","url":"https:\/\/marinapierer.ch\/?page_id=101","name":"\u00dcber mich - TCM Marina Pierer","isPartOf":{"@id":"https:\/\/marinapierer.ch\/#website"},"datePublished":"2019-08-17T18:12:29+00:00","dateModified":"2023-03-10T05:40:41+00:00","breadcrumb":{"@id":"https:\/\/marinapierer.ch\/?page_id=101#breadcrumb"},"inLanguage":"de","potentialAction":[{"@type":"ReadAction","target":["https:\/\/marinapierer.ch\/?page_id=101"]}]},{"@type":"BreadcrumbList","@id":"https:\/\/marinapierer.ch\/?page_id=101#breadcrumb","itemListElement":[{"@type":"ListItem","position":1,"name":"Startseite","item":"https:\/\/marinapierer.ch\/"},{"@type":"ListItem","position":2,"name":"\u00dcber mich"}]},{"@type":"WebSite","@id":"https:\/\/marinapierer.ch\/#website","url":"https:\/\/marinapierer.ch\/","name":"TCM Marina Pierer","description":"Praxis f\u00fcr chinesische Medizin","publisher":{"@id":"https:\/\/marinapierer.ch\/#organization"},"potentialAction":[{"@type":"SearchAction","target":{"@type":"EntryPoint","urlTemplate":"https:\/\/marinapierer.ch\/?s={search_term_string}"},"query-input":"required name=search_term_string"}],"inLanguage":"de"},{"@type":"Organization","@id":"https:\/\/marinapierer.ch\/#organization","name":"TCM Marina Pierer","url":"https:\/\/marinapierer.ch\/","logo":{"@type":"ImageObject","inLanguage":"de","@id":"https:\/\/marinapierer.ch\/#\/schema\/logo\/image\/","url":"https:\/\/marinapierer.ch\/wp-content\/uploads\/2023\/03\/cropped-Logo_TCM_Marina_Pierer_2023_1.jpg","contentUrl":"https:\/\/marinapierer.ch\/wp-content\/uploads\/2023\/03\/cropped-Logo_TCM_Marina_Pierer_2023_1.jpg","width":1913,"height":594,"caption":"TCM Marina Pierer"},"image":{"@id":"https:\/\/marinapierer.ch\/#\/schema\/logo\/image\/"}}]}},"_links":{"self":[{"href":"https:\/\/marinapierer.ch\/index.php?rest_route=\/wp\/v2\/pages\/101"}],"collection":[{"href":"https:\/\/marinapierer.ch\/index.php?rest_route=\/wp\/v2\/pages"}],"about":[{"href":"https:\/\/marinapierer.ch\/index.php?rest_route=\/wp\/v2\/types\/page"}],"author":[{"embeddable":true,"href":"https:\/\/marinapierer.ch\/index.php?rest_route=\/wp\/v2\/users\/1"}],"replies":[{"embeddable":true,"href":"https:\/\/marinapierer.ch\/index.php?rest_route=%2Fwp%2Fv2%2Fcomments&post=101"}],"version-history":[{"count":17,"href":"https:\/\/marinapierer.ch\/index.php?rest_route=\/wp\/v2\/pages\/101\/revisions"}],"predecessor-version":[{"id":293,"href":"https:\/\/marinapierer.ch\/index.php?rest_route=\/wp\/v2\/pages\/101\/revisions\/293"}],"wp:attachment":[{"href":"https:\/\/marinapierer.ch\/index.php?rest_route=%2Fwp%2Fv2%2Fmedia&parent=101"}],"curies":[{"name":"wp","href":"https:\/\/api.w.org\/{rel}","templated":true}]}}