{"id":108,"date":"2019-08-17T18:16:45","date_gmt":"2019-08-17T18:16:45","guid":{"rendered":"https:\/\/www.bewusst-im-fluss.ch\/?page_id=108"},"modified":"2023-03-02T16:27:37","modified_gmt":"2023-03-02T16:27:37","slug":"kontakt","status":"publish","type":"page","link":"https:\/\/marinapierer.ch\/?page_id=108","title":{"rendered":"Kontakt"},"content":{"rendered":"\n<div class=\"is-layout-flex wp-container-3 wp-block-columns has-2-columns\">\n<div class=\"is-layout-flow wp-block-column\">\n<p class=\"has-ast-global-color-5-background-color has-background has-small-font-size\">          <\/p>\n\n\n\n<p>Wenn Sie einen Termin w\u00fcnschen, kontaktieren Sie mich gerne \u00fcber das Kontaktformular, via E-mail, SMS oder rufen Sie mich an. Ich bin w\u00e4hrend der Behandlungszeit telefonisch nicht erreichbar, rufe aber bei der n\u00e4chsten Gelegenheit zur\u00fcck. Auch bei Fragen oder Unklarheiten k\u00f6nnen Sie mich gern kontaktieren.<\/p>\n<\/div>\n\n\n\n<div class=\"is-layout-flow wp-block-column\">\n<p class=\"has-ast-global-color-5-background-color has-background has-small-font-size\">          <\/p>\n\n\n\n<p class=\"has-medium-font-size\">Praxis TCM Marina Pierer<\/p>\n\n\n\n<p>Marina Pierer<\/p>\n\n\n\n<p>Glatttalstrasse 104g<\/p>\n\n\n\n<p>8052 Z\u00fcrich<\/p>\n\n\n\n<p>(+41) 78 724 18 55<\/p>\n\n\n\n<p>info(at)marinapierer.ch<\/p>\n<\/div>\n<\/div>\n\n\n\n<h2>Kontaktformular<\/h2>\n\n\n\n<div class=\"wpcf7 no-js\" id=\"wpcf7-f188-o1\" lang=\"de-DE\" dir=\"ltr\">\n<div class=\"screen-reader-response\"><p role=\"status\" aria-live=\"polite\" aria-atomic=\"true\"><\/p> <ul><\/ul><\/div>\n<form action=\"\/index.php?rest_route=%2Fwp%2Fv2%2Fpages%2F108#wpcf7-f188-o1\" method=\"post\" class=\"wpcf7-form init\" aria-label=\"Kontaktformular\" novalidate=\"novalidate\" data-status=\"init\">\n<div style=\"display: none;\">\n<input type=\"hidden\" name=\"_wpcf7\" value=\"188\" \/>\n<input type=\"hidden\" name=\"_wpcf7_version\" value=\"5.7.4\" \/>\n<input type=\"hidden\" name=\"_wpcf7_locale\" value=\"de_DE\" \/>\n<input type=\"hidden\" name=\"_wpcf7_unit_tag\" value=\"wpcf7-f188-o1\" \/>\n<input type=\"hidden\" name=\"_wpcf7_container_post\" value=\"0\" \/>\n<input type=\"hidden\" name=\"_wpcf7_posted_data_hash\" value=\"\" \/>\n<\/div>\n<p><label> Ihr Name (Pflichtfeld)<br \/>\n<span class=\"wpcf7-form-control-wrap\" data-name=\"your-name\"><input size=\"40\" class=\"wpcf7-form-control wpcf7-text wpcf7-validates-as-required\" aria-required=\"true\" aria-invalid=\"false\" value=\"\" type=\"text\" name=\"your-name\" \/><\/span> <\/label>\n<\/p>\n<p><label> Ihre E-Mail-Adresse (Pflichtfeld)<br \/>\n<span class=\"wpcf7-form-control-wrap\" data-name=\"your-email\"><input size=\"40\" class=\"wpcf7-form-control wpcf7-text wpcf7-email wpcf7-validates-as-required wpcf7-validates-as-email\" aria-required=\"true\" aria-invalid=\"false\" value=\"\" type=\"email\" name=\"your-email\" \/><\/span> <\/label>\n<\/p>\n<p><label> Betreff<br \/>\n<span class=\"wpcf7-form-control-wrap\" data-name=\"your-subject\"><input size=\"40\" class=\"wpcf7-form-control wpcf7-text\" aria-invalid=\"false\" value=\"\" type=\"text\" name=\"your-subject\" \/><\/span> <\/label>\n<\/p>\n<p><label> Ihre Nachricht<br \/>\n<span class=\"wpcf7-form-control-wrap\" data-name=\"your-message\"><textarea cols=\"40\" rows=\"10\" class=\"wpcf7-form-control wpcf7-textarea\" aria-invalid=\"false\" name=\"your-message\"><\/textarea><\/span> <\/label>\n<\/p>\n<p><input class=\"wpcf7-form-control has-spinner wpcf7-submit\" type=\"submit\" value=\"Senden\" \/>\n<\/p><div class=\"wpcf7-response-output\" aria-hidden=\"true\"><\/div>\n<\/form>\n<\/div>\n\n\n\n\n<p>           <\/p>\n","protected":false},"excerpt":{"rendered":"<p>Wenn Sie einen Termin w\u00fcnschen, kontaktieren Sie mich gerne \u00fcber das Kontaktformular, via E-mail, SMS oder rufen Sie mich an. Ich bin w\u00e4hrend der Behandlungszeit telefonisch nicht erreichbar, rufe aber bei der n\u00e4chsten Gelegenheit zur\u00fcck. Auch bei Fragen oder Unklarheiten k\u00f6nnen Sie mich gern kontaktieren. Praxis TCM Marina Pierer Marina Pierer Glatttalstrasse 104g 8052 Z\u00fcrich &hellip;<\/p>\n<p class=\"read-more\"> <a class=\"\" href=\"https:\/\/marinapierer.ch\/?page_id=108\"> <span class=\"screen-reader-text\">Kontakt<\/span> Weiterlesen &raquo;<\/a><\/p>\n","protected":false},"author":1,"featured_media":0,"parent":0,"menu_order":0,"comment_status":"closed","ping_status":"closed","template":"","meta":{"site-sidebar-layout":"default","site-content-layout":"plain-container","ast-global-header-display":"","ast-main-header-display":"","ast-hfb-above-header-display":"","ast-hfb-below-header-display":"","ast-hfb-mobile-header-display":"","site-post-title":"","ast-breadcrumbs-content":"","ast-featured-img":"","footer-sml-layout":"","theme-transparent-header-meta":"default","adv-header-id-meta":"","stick-header-meta":"","header-above-stick-meta":"","header-main-stick-meta":"","header-below-stick-meta":""},"yoast_head":"<!-- This site is optimized with the Yoast SEO plugin v20.7 - https:\/\/yoast.com\/wordpress\/plugins\/seo\/ -->\n<title>Kontakt - TCM Marina Pierer<\/title>\n<meta name=\"robots\" content=\"index, follow, max-snippet:-1, max-image-preview:large, max-video-preview:-1\" \/>\n<link rel=\"canonical\" href=\"https:\/\/marinapierer.ch\/?page_id=108\" \/>\n<meta property=\"og:locale\" content=\"de_DE\" \/>\n<meta property=\"og:type\" content=\"article\" \/>\n<meta property=\"og:title\" content=\"Kontakt - TCM Marina Pierer\" \/>\n<meta property=\"og:description\" content=\"Wenn Sie einen Termin w\u00fcnschen, kontaktieren Sie mich gerne \u00fcber das Kontaktformular, via E-mail, SMS oder rufen Sie mich an. Ich bin w\u00e4hrend der Behandlungszeit telefonisch nicht erreichbar, rufe aber bei der n\u00e4chsten Gelegenheit zur\u00fcck. Auch bei Fragen oder Unklarheiten k\u00f6nnen Sie mich gern kontaktieren. Praxis TCM Marina Pierer Marina Pierer Glatttalstrasse 104g 8052 Z\u00fcrich &hellip; Kontakt Weiterlesen &raquo;\" \/>\n<meta property=\"og:url\" content=\"https:\/\/marinapierer.ch\/?page_id=108\" \/>\n<meta property=\"og:site_name\" content=\"TCM Marina Pierer\" \/>\n<meta property=\"article:modified_time\" content=\"2023-03-02T16:27:37+00:00\" \/>\n<meta name=\"twitter:card\" content=\"summary_large_image\" \/>\n<script type=\"application\/ld+json\" class=\"yoast-schema-graph\">{\"@context\":\"https:\/\/schema.org\",\"@graph\":[{\"@type\":\"WebPage\",\"@id\":\"https:\/\/marinapierer.ch\/?page_id=108\",\"url\":\"https:\/\/marinapierer.ch\/?page_id=108\",\"name\":\"Kontakt - TCM Marina Pierer\",\"isPartOf\":{\"@id\":\"https:\/\/marinapierer.ch\/#website\"},\"datePublished\":\"2019-08-17T18:16:45+00:00\",\"dateModified\":\"2023-03-02T16:27:37+00:00\",\"breadcrumb\":{\"@id\":\"https:\/\/marinapierer.ch\/?page_id=108#breadcrumb\"},\"inLanguage\":\"de\",\"potentialAction\":[{\"@type\":\"ReadAction\",\"target\":[\"https:\/\/marinapierer.ch\/?page_id=108\"]}]},{\"@type\":\"BreadcrumbList\",\"@id\":\"https:\/\/marinapierer.ch\/?page_id=108#breadcrumb\",\"itemListElement\":[{\"@type\":\"ListItem\",\"position\":1,\"name\":\"Startseite\",\"item\":\"https:\/\/marinapierer.ch\/\"},{\"@type\":\"ListItem\",\"position\":2,\"name\":\"Kontakt\"}]},{\"@type\":\"WebSite\",\"@id\":\"https:\/\/marinapierer.ch\/#website\",\"url\":\"https:\/\/marinapierer.ch\/\",\"name\":\"TCM Marina Pierer\",\"description\":\"Praxis f\u00fcr chinesische Medizin\",\"publisher\":{\"@id\":\"https:\/\/marinapierer.ch\/#organization\"},\"potentialAction\":[{\"@type\":\"SearchAction\",\"target\":{\"@type\":\"EntryPoint\",\"urlTemplate\":\"https:\/\/marinapierer.ch\/?s={search_term_string}\"},\"query-input\":\"required name=search_term_string\"}],\"inLanguage\":\"de\"},{\"@type\":\"Organization\",\"@id\":\"https:\/\/marinapierer.ch\/#organization\",\"name\":\"TCM Marina Pierer\",\"url\":\"https:\/\/marinapierer.ch\/\",\"logo\":{\"@type\":\"ImageObject\",\"inLanguage\":\"de\",\"@id\":\"https:\/\/marinapierer.ch\/#\/schema\/logo\/image\/\",\"url\":\"https:\/\/marinapierer.ch\/wp-content\/uploads\/2023\/03\/cropped-Logo_TCM_Marina_Pierer_2023_1.jpg\",\"contentUrl\":\"https:\/\/marinapierer.ch\/wp-content\/uploads\/2023\/03\/cropped-Logo_TCM_Marina_Pierer_2023_1.jpg\",\"width\":1913,\"height\":594,\"caption\":\"TCM Marina Pierer\"},\"image\":{\"@id\":\"https:\/\/marinapierer.ch\/#\/schema\/logo\/image\/\"}}]}<\/script>\n<!-- \/ Yoast SEO plugin. -->","yoast_head_json":{"title":"Kontakt - TCM Marina Pierer","robots":{"index":"index","follow":"follow","max-snippet":"max-snippet:-1","max-image-preview":"max-image-preview:large","max-video-preview":"max-video-preview:-1"},"canonical":"https:\/\/marinapierer.ch\/?page_id=108","og_locale":"de_DE","og_type":"article","og_title":"Kontakt - TCM Marina Pierer","og_description":"Wenn Sie einen Termin w\u00fcnschen, kontaktieren Sie mich gerne \u00fcber das Kontaktformular, via E-mail, SMS oder rufen Sie mich an. Ich bin w\u00e4hrend der Behandlungszeit telefonisch nicht erreichbar, rufe aber bei der n\u00e4chsten Gelegenheit zur\u00fcck. Auch bei Fragen oder Unklarheiten k\u00f6nnen Sie mich gern kontaktieren. Praxis TCM Marina Pierer Marina Pierer Glatttalstrasse 104g 8052 Z\u00fcrich &hellip; Kontakt Weiterlesen &raquo;","og_url":"https:\/\/marinapierer.ch\/?page_id=108","og_site_name":"TCM Marina Pierer","article_modified_time":"2023-03-02T16:27:37+00:00","twitter_card":"summary_large_image","schema":{"@context":"https:\/\/schema.org","@graph":[{"@type":"WebPage","@id":"https:\/\/marinapierer.ch\/?page_id=108","url":"https:\/\/marinapierer.ch\/?page_id=108","name":"Kontakt - TCM Marina Pierer","isPartOf":{"@id":"https:\/\/marinapierer.ch\/#website"},"datePublished":"2019-08-17T18:16:45+00:00","dateModified":"2023-03-02T16:27:37+00:00","breadcrumb":{"@id":"https:\/\/marinapierer.ch\/?page_id=108#breadcrumb"},"inLanguage":"de","potentialAction":[{"@type":"ReadAction","target":["https:\/\/marinapierer.ch\/?page_id=108"]}]},{"@type":"BreadcrumbList","@id":"https:\/\/marinapierer.ch\/?page_id=108#breadcrumb","itemListElement":[{"@type":"ListItem","position":1,"name":"Startseite","item":"https:\/\/marinapierer.ch\/"},{"@type":"ListItem","position":2,"name":"Kontakt"}]},{"@type":"WebSite","@id":"https:\/\/marinapierer.ch\/#website","url":"https:\/\/marinapierer.ch\/","name":"TCM Marina Pierer","description":"Praxis f\u00fcr chinesische Medizin","publisher":{"@id":"https:\/\/marinapierer.ch\/#organization"},"potentialAction":[{"@type":"SearchAction","target":{"@type":"EntryPoint","urlTemplate":"https:\/\/marinapierer.ch\/?s={search_term_string}"},"query-input":"required name=search_term_string"}],"inLanguage":"de"},{"@type":"Organization","@id":"https:\/\/marinapierer.ch\/#organization","name":"TCM Marina Pierer","url":"https:\/\/marinapierer.ch\/","logo":{"@type":"ImageObject","inLanguage":"de","@id":"https:\/\/marinapierer.ch\/#\/schema\/logo\/image\/","url":"https:\/\/marinapierer.ch\/wp-content\/uploads\/2023\/03\/cropped-Logo_TCM_Marina_Pierer_2023_1.jpg","contentUrl":"https:\/\/marinapierer.ch\/wp-content\/uploads\/2023\/03\/cropped-Logo_TCM_Marina_Pierer_2023_1.jpg","width":1913,"height":594,"caption":"TCM Marina Pierer"},"image":{"@id":"https:\/\/marinapierer.ch\/#\/schema\/logo\/image\/"}}]}},"_links":{"self":[{"href":"https:\/\/marinapierer.ch\/index.php?rest_route=\/wp\/v2\/pages\/108"}],"collection":[{"href":"https:\/\/marinapierer.ch\/index.php?rest_route=\/wp\/v2\/pages"}],"about":[{"href":"https:\/\/marinapierer.ch\/index.php?rest_route=\/wp\/v2\/types\/page"}],"author":[{"embeddable":true,"href":"https:\/\/marinapierer.ch\/index.php?rest_route=\/wp\/v2\/users\/1"}],"replies":[{"embeddable":true,"href":"https:\/\/marinapierer.ch\/index.php?rest_route=%2Fwp%2Fv2%2Fcomments&post=108"}],"version-history":[{"count":22,"href":"https:\/\/marinapierer.ch\/index.php?rest_route=\/wp\/v2\/pages\/108\/revisions"}],"predecessor-version":[{"id":274,"href":"https:\/\/marinapierer.ch\/index.php?rest_route=\/wp\/v2\/pages\/108\/revisions\/274"}],"wp:attachment":[{"href":"https:\/\/marinapierer.ch\/index.php?rest_route=%2Fwp%2Fv2%2Fmedia&parent=108"}],"curies":[{"name":"wp","href":"https:\/\/api.w.org\/{rel}","templated":true}]}}