{"id":2,"date":"2019-06-26T07:21:03","date_gmt":"2019-06-26T07:21:03","guid":{"rendered":"https:\/\/www.bewusst-im-fluss.ch\/?page_id=2"},"modified":"2023-03-02T16:23:25","modified_gmt":"2023-03-02T16:23:25","slug":"sample-page","status":"publish","type":"page","link":"https:\/\/marinapierer.ch\/","title":{"rendered":"Home"},"content":{"rendered":"\n<p class=\"has-ast-global-color-5-background-color has-background has-small-font-size\">              <\/p>\n\n\n\n<p>Ich freue mich, Sie auf meiner Praxis-Webseite begr\u00fcssen zu d\u00fcrfen. Mit der chinesischen Medizin treffen Sie auf eine Lehre, die seit rund 3000 Jahren aufgrund von Erfahrungswissen laufend weiterentwickelt wurde. Das Ziel jeder Behandlung ist stets die Herstellung eines energetischen Gleichgewichts f\u00fcr K\u00f6rper und Geist. Dabei liegt neben der Behandlung von Krankheiten auch ein wichtiger Fokus auf der Pr\u00e4vention derselben. Wie Laotse bereits sagte: <em>&#8222;Die Dinge in Ordnung zu halten ist einfacher als sie wieder in Ordnung zu bringen. Die gesunden Menschen vor ernsthaften Krankheiten zu sch\u00fctzen ist eine gef\u00e4llige Aufgabe f\u00fcr den Arzt&#8220;. <\/em><\/p>\n\n\n\n<div class=\"is-layout-flex wp-container-4 wp-block-columns has-3-columns\">\n<div class=\"is-layout-flow wp-block-column\">\n<div class=\"wp-block-cover is-light\"><span aria-hidden=\"true\" class=\"wp-block-cover__background has-ast-global-color-5-background-color has-background-dim-0 has-background-dim\"><\/span><img decoding=\"async\" loading=\"lazy\" width=\"1920\" height=\"1280\" class=\"wp-block-cover__image-background wp-image-259\" alt=\"\" src=\"https:\/\/marinapierer.ch\/wp-content\/uploads\/2023\/03\/traditional-chinese-medicine-3528232_1920.jpg\" data-object-fit=\"cover\" srcset=\"https:\/\/marinapierer.ch\/wp-content\/uploads\/2023\/03\/traditional-chinese-medicine-3528232_1920.jpg 1920w, https:\/\/marinapierer.ch\/wp-content\/uploads\/2023\/03\/traditional-chinese-medicine-3528232_1920-300x200.jpg 300w, https:\/\/marinapierer.ch\/wp-content\/uploads\/2023\/03\/traditional-chinese-medicine-3528232_1920-1024x683.jpg 1024w, https:\/\/marinapierer.ch\/wp-content\/uploads\/2023\/03\/traditional-chinese-medicine-3528232_1920-768x512.jpg 768w, https:\/\/marinapierer.ch\/wp-content\/uploads\/2023\/03\/traditional-chinese-medicine-3528232_1920-1536x1024.jpg 1536w\" sizes=\"(max-width: 1920px) 100vw, 1920px\" \/><div class=\"wp-block-cover__inner-container\">\n<p><\/p>\n<\/div><\/div>\n<\/div>\n\n\n\n<div class=\"is-layout-flow wp-block-column\">\n<div class=\"wp-block-cover is-light\"><span aria-hidden=\"true\" class=\"wp-block-cover__background has-ast-global-color-5-background-color has-background-dim-0 has-background-dim\"><\/span><img decoding=\"async\" loading=\"lazy\" width=\"1440\" height=\"1920\" class=\"wp-block-cover__image-background wp-image-260\" alt=\"\" src=\"https:\/\/marinapierer.ch\/wp-content\/uploads\/2023\/03\/herbs-906140_1920.jpg\" data-object-fit=\"cover\" srcset=\"https:\/\/marinapierer.ch\/wp-content\/uploads\/2023\/03\/herbs-906140_1920.jpg 1440w, https:\/\/marinapierer.ch\/wp-content\/uploads\/2023\/03\/herbs-906140_1920-225x300.jpg 225w, https:\/\/marinapierer.ch\/wp-content\/uploads\/2023\/03\/herbs-906140_1920-768x1024.jpg 768w, https:\/\/marinapierer.ch\/wp-content\/uploads\/2023\/03\/herbs-906140_1920-1152x1536.jpg 1152w\" sizes=\"(max-width: 1440px) 100vw, 1440px\" \/><div class=\"wp-block-cover__inner-container\">\n<p class=\"has-text-align-center has-large-font-size\"><\/p>\n<\/div><\/div>\n<\/div>\n\n\n\n<div class=\"is-layout-flow wp-block-column\">\n<div class=\"wp-block-cover is-light\"><span aria-hidden=\"true\" class=\"wp-block-cover__background has-ast-global-color-5-background-color has-background-dim-0 has-background-dim\"><\/span><img decoding=\"async\" loading=\"lazy\" width=\"1920\" height=\"1280\" class=\"wp-block-cover__image-background wp-image-95\" alt=\"\" src=\"https:\/\/marinapierer.ch\/wp-content\/uploads\/2019\/08\/Fusstherapie.jpg\" data-object-fit=\"cover\" srcset=\"https:\/\/marinapierer.ch\/wp-content\/uploads\/2019\/08\/Fusstherapie.jpg 1920w, https:\/\/marinapierer.ch\/wp-content\/uploads\/2019\/08\/Fusstherapie-300x200.jpg 300w, https:\/\/marinapierer.ch\/wp-content\/uploads\/2019\/08\/Fusstherapie-768x512.jpg 768w, https:\/\/marinapierer.ch\/wp-content\/uploads\/2019\/08\/Fusstherapie-1024x683.jpg 1024w\" sizes=\"(max-width: 1920px) 100vw, 1920px\" \/><div class=\"wp-block-cover__inner-container\">\n<p class=\"has-text-align-center has-large-font-size\"><\/p>\n<\/div><\/div>\n<\/div>\n<\/div>\n\n\n\n<p class=\"has-ast-global-color-5-background-color has-background has-small-font-size\">                <\/p>\n\n\n\n<div class=\"is-layout-flex wp-block-buttons\">\n<div class=\"wp-block-button is-style-fill\"><a class=\"wp-block-button__link wp-element-button\" href=\"https:\/\/marinapierer.ch\/?page_id=58\" style=\"border-radius:0px;padding-top:var(--wp--preset--spacing--20);padding-right:var(--wp--preset--spacing--20);padding-bottom:var(--wp--preset--spacing--20);padding-left:var(--wp--preset--spacing--20)\">Mein Therapieangebot <\/a><\/div>\n\n\n\n<div class=\"wp-block-button is-style-fill\"><a class=\"wp-block-button__link wp-element-button\" href=\"https:\/\/marinapierer.ch\/?page_id=108\" style=\"border-radius:0px;padding-top:var(--wp--preset--spacing--20);padding-right:var(--wp--preset--spacing--20);padding-bottom:var(--wp--preset--spacing--20);padding-left:var(--wp--preset--spacing--20)\">Kontakt<\/a><\/div>\n\n\n\n<div class=\"wp-block-button is-style-fill\"><a class=\"wp-block-button__link wp-element-button\" href=\"https:\/\/marinapierer.ch\/?page_id=101\" style=\"border-radius:0px;padding-top:var(--wp--preset--spacing--20);padding-right:var(--wp--preset--spacing--20);padding-bottom:var(--wp--preset--spacing--20);padding-left:var(--wp--preset--spacing--20)\">\u00dcber mich<\/a><\/div>\n<\/div>\n\n\n\n<div class=\"is-layout-flex wp-block-buttons\"><\/div>\n\n\n\n<p class=\"has-medium-font-size\">           <\/p>\n\n\n\n<p class=\"has-ast-global-color-5-background-color has-background\">              <\/p>\n","protected":false},"excerpt":{"rendered":"<p>Ich freue mich, Sie auf meiner Praxis-Webseite begr\u00fcssen zu d\u00fcrfen. Mit der chinesischen Medizin treffen Sie auf eine Lehre, die seit rund 3000 Jahren aufgrund von Erfahrungswissen laufend weiterentwickelt wurde. Das Ziel jeder Behandlung ist stets die Herstellung eines energetischen Gleichgewichts f\u00fcr K\u00f6rper und Geist. Dabei liegt neben der Behandlung von Krankheiten auch ein wichtiger &hellip;<\/p>\n<p class=\"read-more\"> <a class=\"\" href=\"https:\/\/marinapierer.ch\/\"> <span class=\"screen-reader-text\">Home<\/span> Weiterlesen &raquo;<\/a><\/p>\n","protected":false},"author":1,"featured_media":0,"parent":0,"menu_order":0,"comment_status":"closed","ping_status":"closed","template":"","meta":{"site-sidebar-layout":"default","site-content-layout":"plain-container","ast-global-header-display":"","ast-main-header-display":"","ast-hfb-above-header-display":"","ast-hfb-below-header-display":"","ast-hfb-mobile-header-display":"","site-post-title":"","ast-breadcrumbs-content":"","ast-featured-img":"","footer-sml-layout":"","theme-transparent-header-meta":"default","adv-header-id-meta":"","stick-header-meta":"","header-above-stick-meta":"","header-main-stick-meta":"","header-below-stick-meta":""},"yoast_head":"<!-- This site is optimized with the Yoast SEO plugin v20.7 - https:\/\/yoast.com\/wordpress\/plugins\/seo\/ -->\n<title>Home - TCM Marina Pierer<\/title>\n<meta name=\"robots\" content=\"index, follow, max-snippet:-1, max-image-preview:large, max-video-preview:-1\" \/>\n<link rel=\"canonical\" href=\"https:\/\/marinapierer.ch\/\" \/>\n<meta property=\"og:locale\" content=\"de_DE\" \/>\n<meta property=\"og:type\" content=\"article\" \/>\n<meta property=\"og:title\" content=\"Home - TCM Marina Pierer\" \/>\n<meta property=\"og:description\" content=\"Ich freue mich, Sie auf meiner Praxis-Webseite begr\u00fcssen zu d\u00fcrfen. Mit der chinesischen Medizin treffen Sie auf eine Lehre, die seit rund 3000 Jahren aufgrund von Erfahrungswissen laufend weiterentwickelt wurde. Das Ziel jeder Behandlung ist stets die Herstellung eines energetischen Gleichgewichts f\u00fcr K\u00f6rper und Geist. Dabei liegt neben der Behandlung von Krankheiten auch ein wichtiger &hellip; Home Weiterlesen &raquo;\" \/>\n<meta property=\"og:url\" content=\"https:\/\/marinapierer.ch\/\" \/>\n<meta property=\"og:site_name\" content=\"TCM Marina Pierer\" \/>\n<meta property=\"article:modified_time\" content=\"2023-03-02T16:23:25+00:00\" \/>\n<meta property=\"og:image\" content=\"https:\/\/marinapierer.ch\/wp-content\/uploads\/2023\/03\/traditional-chinese-medicine-3528232_1920.jpg\" \/>\n<meta name=\"twitter:card\" content=\"summary_large_image\" \/>\n<meta name=\"twitter:label1\" content=\"Gesch\u00e4tzte Lesezeit\" \/>\n\t<meta name=\"twitter:data1\" content=\"1\u00a0Minute\" \/>\n<script type=\"application\/ld+json\" class=\"yoast-schema-graph\">{\"@context\":\"https:\/\/schema.org\",\"@graph\":[{\"@type\":\"WebPage\",\"@id\":\"https:\/\/marinapierer.ch\/\",\"url\":\"https:\/\/marinapierer.ch\/\",\"name\":\"Home - TCM Marina Pierer\",\"isPartOf\":{\"@id\":\"https:\/\/marinapierer.ch\/#website\"},\"datePublished\":\"2019-06-26T07:21:03+00:00\",\"dateModified\":\"2023-03-02T16:23:25+00:00\",\"breadcrumb\":{\"@id\":\"https:\/\/marinapierer.ch\/#breadcrumb\"},\"inLanguage\":\"de\",\"potentialAction\":[{\"@type\":\"ReadAction\",\"target\":[\"https:\/\/marinapierer.ch\/\"]}]},{\"@type\":\"BreadcrumbList\",\"@id\":\"https:\/\/marinapierer.ch\/#breadcrumb\",\"itemListElement\":[{\"@type\":\"ListItem\",\"position\":1,\"name\":\"Startseite\",\"item\":\"https:\/\/marinapierer.ch\/\"},{\"@type\":\"ListItem\",\"position\":2,\"name\":\"Home\"}]},{\"@type\":\"WebSite\",\"@id\":\"https:\/\/marinapierer.ch\/#website\",\"url\":\"https:\/\/marinapierer.ch\/\",\"name\":\"TCM Marina Pierer\",\"description\":\"Praxis f\u00fcr chinesische Medizin\",\"publisher\":{\"@id\":\"https:\/\/marinapierer.ch\/#organization\"},\"potentialAction\":[{\"@type\":\"SearchAction\",\"target\":{\"@type\":\"EntryPoint\",\"urlTemplate\":\"https:\/\/marinapierer.ch\/?s={search_term_string}\"},\"query-input\":\"required name=search_term_string\"}],\"inLanguage\":\"de\"},{\"@type\":\"Organization\",\"@id\":\"https:\/\/marinapierer.ch\/#organization\",\"name\":\"TCM Marina Pierer\",\"url\":\"https:\/\/marinapierer.ch\/\",\"logo\":{\"@type\":\"ImageObject\",\"inLanguage\":\"de\",\"@id\":\"https:\/\/marinapierer.ch\/#\/schema\/logo\/image\/\",\"url\":\"https:\/\/marinapierer.ch\/wp-content\/uploads\/2023\/03\/cropped-Logo_TCM_Marina_Pierer_2023_1.jpg\",\"contentUrl\":\"https:\/\/marinapierer.ch\/wp-content\/uploads\/2023\/03\/cropped-Logo_TCM_Marina_Pierer_2023_1.jpg\",\"width\":1913,\"height\":594,\"caption\":\"TCM Marina Pierer\"},\"image\":{\"@id\":\"https:\/\/marinapierer.ch\/#\/schema\/logo\/image\/\"}}]}<\/script>\n<!-- \/ Yoast SEO plugin. -->","yoast_head_json":{"title":"Home - TCM Marina Pierer","robots":{"index":"index","follow":"follow","max-snippet":"max-snippet:-1","max-image-preview":"max-image-preview:large","max-video-preview":"max-video-preview:-1"},"canonical":"https:\/\/marinapierer.ch\/","og_locale":"de_DE","og_type":"article","og_title":"Home - TCM Marina Pierer","og_description":"Ich freue mich, Sie auf meiner Praxis-Webseite begr\u00fcssen zu d\u00fcrfen. Mit der chinesischen Medizin treffen Sie auf eine Lehre, die seit rund 3000 Jahren aufgrund von Erfahrungswissen laufend weiterentwickelt wurde. Das Ziel jeder Behandlung ist stets die Herstellung eines energetischen Gleichgewichts f\u00fcr K\u00f6rper und Geist. Dabei liegt neben der Behandlung von Krankheiten auch ein wichtiger &hellip; Home Weiterlesen &raquo;","og_url":"https:\/\/marinapierer.ch\/","og_site_name":"TCM Marina Pierer","article_modified_time":"2023-03-02T16:23:25+00:00","og_image":[{"url":"https:\/\/marinapierer.ch\/wp-content\/uploads\/2023\/03\/traditional-chinese-medicine-3528232_1920.jpg"}],"twitter_card":"summary_large_image","twitter_misc":{"Gesch\u00e4tzte Lesezeit":"1\u00a0Minute"},"schema":{"@context":"https:\/\/schema.org","@graph":[{"@type":"WebPage","@id":"https:\/\/marinapierer.ch\/","url":"https:\/\/marinapierer.ch\/","name":"Home - TCM Marina Pierer","isPartOf":{"@id":"https:\/\/marinapierer.ch\/#website"},"datePublished":"2019-06-26T07:21:03+00:00","dateModified":"2023-03-02T16:23:25+00:00","breadcrumb":{"@id":"https:\/\/marinapierer.ch\/#breadcrumb"},"inLanguage":"de","potentialAction":[{"@type":"ReadAction","target":["https:\/\/marinapierer.ch\/"]}]},{"@type":"BreadcrumbList","@id":"https:\/\/marinapierer.ch\/#breadcrumb","itemListElement":[{"@type":"ListItem","position":1,"name":"Startseite","item":"https:\/\/marinapierer.ch\/"},{"@type":"ListItem","position":2,"name":"Home"}]},{"@type":"WebSite","@id":"https:\/\/marinapierer.ch\/#website","url":"https:\/\/marinapierer.ch\/","name":"TCM Marina Pierer","description":"Praxis f\u00fcr chinesische Medizin","publisher":{"@id":"https:\/\/marinapierer.ch\/#organization"},"potentialAction":[{"@type":"SearchAction","target":{"@type":"EntryPoint","urlTemplate":"https:\/\/marinapierer.ch\/?s={search_term_string}"},"query-input":"required name=search_term_string"}],"inLanguage":"de"},{"@type":"Organization","@id":"https:\/\/marinapierer.ch\/#organization","name":"TCM Marina Pierer","url":"https:\/\/marinapierer.ch\/","logo":{"@type":"ImageObject","inLanguage":"de","@id":"https:\/\/marinapierer.ch\/#\/schema\/logo\/image\/","url":"https:\/\/marinapierer.ch\/wp-content\/uploads\/2023\/03\/cropped-Logo_TCM_Marina_Pierer_2023_1.jpg","contentUrl":"https:\/\/marinapierer.ch\/wp-content\/uploads\/2023\/03\/cropped-Logo_TCM_Marina_Pierer_2023_1.jpg","width":1913,"height":594,"caption":"TCM Marina Pierer"},"image":{"@id":"https:\/\/marinapierer.ch\/#\/schema\/logo\/image\/"}}]}},"_links":{"self":[{"href":"https:\/\/marinapierer.ch\/index.php?rest_route=\/wp\/v2\/pages\/2"}],"collection":[{"href":"https:\/\/marinapierer.ch\/index.php?rest_route=\/wp\/v2\/pages"}],"about":[{"href":"https:\/\/marinapierer.ch\/index.php?rest_route=\/wp\/v2\/types\/page"}],"author":[{"embeddable":true,"href":"https:\/\/marinapierer.ch\/index.php?rest_route=\/wp\/v2\/users\/1"}],"replies":[{"embeddable":true,"href":"https:\/\/marinapierer.ch\/index.php?rest_route=%2Fwp%2Fv2%2Fcomments&post=2"}],"version-history":[{"count":55,"href":"https:\/\/marinapierer.ch\/index.php?rest_route=\/wp\/v2\/pages\/2\/revisions"}],"predecessor-version":[{"id":273,"href":"https:\/\/marinapierer.ch\/index.php?rest_route=\/wp\/v2\/pages\/2\/revisions\/273"}],"wp:attachment":[{"href":"https:\/\/marinapierer.ch\/index.php?rest_route=%2Fwp%2Fv2%2Fmedia&parent=2"}],"curies":[{"name":"wp","href":"https:\/\/api.w.org\/{rel}","templated":true}]}}