{"id":58,"date":"2019-08-17T17:15:11","date_gmt":"2019-08-17T17:15:11","guid":{"rendered":"https:\/\/www.bewusst-im-fluss.ch\/?page_id=58"},"modified":"2024-10-13T10:19:52","modified_gmt":"2024-10-13T10:19:52","slug":"therapieangebot","status":"publish","type":"page","link":"https:\/\/marinapierer.ch\/?page_id=58","title":{"rendered":"Therapieangebot"},"content":{"rendered":"\n<p class=\"has-ast-global-color-5-background-color has-background has-small-font-size\">                <\/p>\n\n\n\n<p>Mein Therapieangebot umfasst folgende Elemente:<\/p>\n\n\n\n<ul>\n<li><strong>Akupressur<\/strong> zum L\u00f6sen bzw. Beheben von Schmerzen, Beschwerden und Einschr\u00e4nkungen sowie zum Anregen von Heilungsprozessen.<\/li>\n\n\n\n<li><strong>Ern\u00e4hrungstipps nach der TCM-Lehre<\/strong> zur unterst\u00fctzenden Verbesserung des Gesamtzustands.<\/li>\n\n\n\n<li><strong>Schr\u00f6pfen und GuaSha<\/strong> zum Ausleiten von akuten Infekten oder L\u00f6sen von Verspannungszust\u00e4nden.<\/li>\n\n\n\n<li>Hat die k\u00f6rperliche Beschwerde ihre Wurzel im Geist, biete ich auch <strong>psychosomatische Behandlungen<\/strong> an.<\/li>\n<\/ul>\n\n\n\n<h2>Indikationen<\/h2>\n\n\n\n<div class=\"is-layout-flex wp-container-3 wp-block-columns has-2-columns\">\n<div class=\"is-layout-flow wp-block-column\">\n<p><strong>Babys &amp; Kinder<\/strong><\/p>\n\n\n\n<ul>\n<li>3-Monats-Koliken beim Baby<\/li>\n\n\n\n<li>Exzessives Schreien (Schreibaby)<\/li>\n\n\n\n<li>Verdauungsprobleme (z.B. Verstopfung, Durchfall, Bauchschmerzen)<\/li>\n\n\n\n<li>Schlafst\u00f6rungen<\/li>\n\n\n\n<li>Hautbeschwerden (z.B. Neurodermitis)<\/li>\n\n\n\n<li>Energiemangel<\/li>\n\n\n\n<li>Erk\u00e4ltungen\/Infektanf\u00e4lligkeit<\/li>\n\n\n\n<li>Asthma, Allergien (z.B. Heuschnupfen)<\/li>\n\n\n\n<li>Bronchitis<\/li>\n\n\n\n<li>Konzentrationsschwierigkeiten<\/li>\n\n\n\n<li>Verhaltensauff\u00e4lligkeiten<\/li>\n<\/ul>\n<\/div>\n\n\n\n<div class=\"is-layout-flow wp-block-column\">\n<p><strong>Schwangerschaft &amp; Geburt<\/strong><\/p>\n\n\n\n<ul>\n<li>Ganzheitliche Unterst\u00fctzung und St\u00e4rkung w\u00e4hrend der Schwangerschaft<\/li>\n\n\n\n<li>Linderung von Schwangerschaftsbeschwerden<\/li>\n\n\n\n<li>Unterst\u00fctzung bei Steisslage des Kindes<\/li>\n\n\n\n<li>Unterst\u00fctzung zur nat\u00fcrlichen Geburtseinleitung kurz vor der Geburt<\/li>\n\n\n\n<li>Nach der Geburt St\u00e4rkung des Gesamtsystems und energetische Unterst\u00fctzung f\u00fcr den Stillprozess.<\/li>\n\n\n\n<li>Psychosomatische Begleitung: Aufl\u00f6sung von \u00c4ngsten, Aufarbeiten von fr\u00fcheren Geburten mit hinterbliebenem Geburtstrauma, L\u00f6sen von Stress, Nervosit\u00e4t, Schlafst\u00f6rungen, depressiven Verstimmungen.<\/li>\n<\/ul>\n<\/div>\n<\/div>\n\n\n\n<div class=\"is-layout-flex wp-container-6 wp-block-columns has-2-columns\">\n<div class=\"is-layout-flow wp-block-column\">\n<p><strong>Gyn\u00e4kologische\/Urologische Beschwerden<\/strong><\/p>\n\n\n\n<ul>\n<li>Blasenentz\u00fcndung<\/li>\n\n\n\n<li>Menstruationsprobleme\/PMS (Pr\u00e4menstruelles Syndrom)<\/li>\n\n\n\n<li>Wechseljahrbeschwerden<\/li>\n\n\n\n<li>Kinderwunsch<\/li>\n\n\n\n<li>Sexual- &amp; Fruchtbarkeitsst\u00f6rungen<\/li>\n\n\n\n<li>Zysten<\/li>\n<\/ul>\n<\/div>\n\n\n\n<div class=\"is-layout-flow wp-block-column\">\n<p><strong>Schmerzen<\/strong><\/p>\n\n\n\n<ul>\n<li>Kopfschmerzen\/Migr\u00e4ne<\/li>\n\n\n\n<li>R\u00fcckenschmerzen<\/li>\n\n\n\n<li>Nackenschmerzen<\/li>\n\n\n\n<li>Ischialgien (Hexenschuss)<\/li>\n\n\n\n<li>Bewegungsapparat<\/li>\n\n\n\n<li>Nervenleiden<\/li>\n\n\n\n<li>Schmerzen im Verdauungstrakt<\/li>\n<\/ul>\n<\/div>\n<\/div>\n\n\n\n<div class=\"is-layout-flex wp-container-9 wp-block-columns has-2-columns\">\n<div class=\"is-layout-flow wp-block-column\">\n<p><strong>Atemwegserkrankungen<\/strong><\/p>\n\n\n\n<ul>\n<li>Asthma<\/li>\n\n\n\n<li>Bronchitis<\/li>\n\n\n\n<li>Erk\u00e4ltung<\/li>\n<\/ul>\n<\/div>\n\n\n\n<div class=\"is-layout-flow wp-block-column\">\n<p><strong>Verdauungssystem<\/strong><\/p>\n\n\n\n<ul>\n<li>Durchfall<\/li>\n\n\n\n<li>Verstopfung<\/li>\n\n\n\n<li>Reizdarm-Syndrom<\/li>\n\n\n\n<li>H\u00e4morrhoiden<\/li>\n<\/ul>\n<\/div>\n<\/div>\n\n\n\n<div class=\"is-layout-flex wp-container-12 wp-block-columns has-2-columns\">\n<div class=\"is-layout-flow wp-block-column\">\n<p><strong>Sonstiges<\/strong><\/p>\n\n\n\n<ul>\n<li>Allergien\/Hautprobleme<\/li>\n\n\n\n<li>Blutarmut (An\u00e4mie)<\/li>\n\n\n\n<li>Schwindel<\/li>\n\n\n\n<li>Tinnitus<\/li>\n\n\n\n<li>M\u00fcdigkeit<\/li>\n\n\n\n<li>Sucht\/Entw\u00f6hnung<\/li>\n<\/ul>\n<\/div>\n\n\n\n<div class=\"is-layout-flow wp-block-column\">\n<p><strong>Psychosomatische Leiden<\/strong><\/p>\n\n\n\n<ul>\n<li>\u00c4ngste<\/li>\n\n\n\n<li>Panikattacken<\/li>\n\n\n\n<li>Depressionen<\/li>\n\n\n\n<li>Nervosit\u00e4t<\/li>\n\n\n\n<li>Schlafst\u00f6rungen<\/li>\n\n\n\n<li>Ersch\u00f6pfungszust\u00e4nde<\/li>\n\n\n\n<li>Burnout<\/li>\n\n\n\n<li>Stimmungsschwankungen<\/li>\n\n\n\n<li>Stressbedingte Beschwerden<\/li>\n<\/ul>\n<\/div>\n<\/div>\n\n\n\n<h2>Kosten<\/h2>\n\n\n\n<p>Eine Therapiesitzung von 60 Minuten kostet bei mir 144 Franken. Ich bin anerkannt via div. Zusatzversicherungen.<\/p>\n\n\n\n<div class=\"is-layout-flex wp-block-buttons\">\n<div class=\"wp-block-button\"><a class=\"wp-block-button__link wp-element-button\" href=\"https:\/\/marinapierer.ch\/?page_id=108\">Termin vereinbaren<\/a><\/div>\n<\/div>\n\n\n\n<p class=\"has-ast-global-color-5-background-color has-background\">         <\/p>\n","protected":false},"excerpt":{"rendered":"<p>Mein Therapieangebot umfasst folgende Elemente: Indikationen Babys &amp; Kinder Schwangerschaft &amp; Geburt Gyn\u00e4kologische\/Urologische Beschwerden Schmerzen Atemwegserkrankungen Verdauungssystem Sonstiges Psychosomatische Leiden Kosten Eine Therapiesitzung von 60 Minuten kostet bei mir 144 Franken. Ich bin anerkannt via div. Zusatzversicherungen.<\/p>\n","protected":false},"author":1,"featured_media":0,"parent":0,"menu_order":0,"comment_status":"closed","ping_status":"closed","template":"","meta":{"site-sidebar-layout":"default","site-content-layout":"plain-container","ast-global-header-display":"","ast-main-header-display":"","ast-hfb-above-header-display":"","ast-hfb-below-header-display":"","ast-hfb-mobile-header-display":"","site-post-title":"","ast-breadcrumbs-content":"","ast-featured-img":"","footer-sml-layout":"","theme-transparent-header-meta":"default","adv-header-id-meta":"","stick-header-meta":"","header-above-stick-meta":"","header-main-stick-meta":"","header-below-stick-meta":""},"yoast_head":"<!-- This site is optimized with the Yoast SEO plugin v20.7 - https:\/\/yoast.com\/wordpress\/plugins\/seo\/ -->\n<title>Therapieangebot - TCM Marina Pierer<\/title>\n<meta name=\"robots\" content=\"index, follow, max-snippet:-1, max-image-preview:large, max-video-preview:-1\" \/>\n<link rel=\"canonical\" href=\"https:\/\/marinapierer.ch\/?page_id=58\" \/>\n<meta property=\"og:locale\" content=\"de_DE\" \/>\n<meta property=\"og:type\" content=\"article\" \/>\n<meta property=\"og:title\" content=\"Therapieangebot - TCM Marina Pierer\" \/>\n<meta property=\"og:description\" content=\"Mein Therapieangebot umfasst folgende Elemente: Indikationen Babys &amp; Kinder Schwangerschaft &amp; Geburt Gyn\u00e4kologische\/Urologische Beschwerden Schmerzen Atemwegserkrankungen Verdauungssystem Sonstiges Psychosomatische Leiden Kosten Eine Therapiesitzung von 60 Minuten kostet bei mir 144 Franken. Ich bin anerkannt via div. Zusatzversicherungen.\" \/>\n<meta property=\"og:url\" content=\"https:\/\/marinapierer.ch\/?page_id=58\" \/>\n<meta property=\"og:site_name\" content=\"TCM Marina Pierer\" \/>\n<meta property=\"article:modified_time\" content=\"2024-10-13T10:19:52+00:00\" \/>\n<meta name=\"twitter:card\" content=\"summary_large_image\" \/>\n<meta name=\"twitter:label1\" content=\"Gesch\u00e4tzte Lesezeit\" \/>\n\t<meta name=\"twitter:data1\" content=\"2\u00a0Minuten\" \/>\n<script type=\"application\/ld+json\" class=\"yoast-schema-graph\">{\"@context\":\"https:\/\/schema.org\",\"@graph\":[{\"@type\":\"WebPage\",\"@id\":\"https:\/\/marinapierer.ch\/?page_id=58\",\"url\":\"https:\/\/marinapierer.ch\/?page_id=58\",\"name\":\"Therapieangebot - TCM Marina Pierer\",\"isPartOf\":{\"@id\":\"https:\/\/marinapierer.ch\/#website\"},\"datePublished\":\"2019-08-17T17:15:11+00:00\",\"dateModified\":\"2024-10-13T10:19:52+00:00\",\"breadcrumb\":{\"@id\":\"https:\/\/marinapierer.ch\/?page_id=58#breadcrumb\"},\"inLanguage\":\"de\",\"potentialAction\":[{\"@type\":\"ReadAction\",\"target\":[\"https:\/\/marinapierer.ch\/?page_id=58\"]}]},{\"@type\":\"BreadcrumbList\",\"@id\":\"https:\/\/marinapierer.ch\/?page_id=58#breadcrumb\",\"itemListElement\":[{\"@type\":\"ListItem\",\"position\":1,\"name\":\"Startseite\",\"item\":\"https:\/\/marinapierer.ch\/\"},{\"@type\":\"ListItem\",\"position\":2,\"name\":\"Therapieangebot\"}]},{\"@type\":\"WebSite\",\"@id\":\"https:\/\/marinapierer.ch\/#website\",\"url\":\"https:\/\/marinapierer.ch\/\",\"name\":\"TCM Marina Pierer\",\"description\":\"Praxis f\u00fcr chinesische Medizin\",\"publisher\":{\"@id\":\"https:\/\/marinapierer.ch\/#organization\"},\"potentialAction\":[{\"@type\":\"SearchAction\",\"target\":{\"@type\":\"EntryPoint\",\"urlTemplate\":\"https:\/\/marinapierer.ch\/?s={search_term_string}\"},\"query-input\":\"required name=search_term_string\"}],\"inLanguage\":\"de\"},{\"@type\":\"Organization\",\"@id\":\"https:\/\/marinapierer.ch\/#organization\",\"name\":\"TCM Marina Pierer\",\"url\":\"https:\/\/marinapierer.ch\/\",\"logo\":{\"@type\":\"ImageObject\",\"inLanguage\":\"de\",\"@id\":\"https:\/\/marinapierer.ch\/#\/schema\/logo\/image\/\",\"url\":\"https:\/\/marinapierer.ch\/wp-content\/uploads\/2023\/03\/cropped-Logo_TCM_Marina_Pierer_2023_1.jpg\",\"contentUrl\":\"https:\/\/marinapierer.ch\/wp-content\/uploads\/2023\/03\/cropped-Logo_TCM_Marina_Pierer_2023_1.jpg\",\"width\":1913,\"height\":594,\"caption\":\"TCM Marina Pierer\"},\"image\":{\"@id\":\"https:\/\/marinapierer.ch\/#\/schema\/logo\/image\/\"}}]}<\/script>\n<!-- \/ Yoast SEO plugin. -->","yoast_head_json":{"title":"Therapieangebot - TCM Marina Pierer","robots":{"index":"index","follow":"follow","max-snippet":"max-snippet:-1","max-image-preview":"max-image-preview:large","max-video-preview":"max-video-preview:-1"},"canonical":"https:\/\/marinapierer.ch\/?page_id=58","og_locale":"de_DE","og_type":"article","og_title":"Therapieangebot - TCM Marina Pierer","og_description":"Mein Therapieangebot umfasst folgende Elemente: Indikationen Babys &amp; Kinder Schwangerschaft &amp; Geburt Gyn\u00e4kologische\/Urologische Beschwerden Schmerzen Atemwegserkrankungen Verdauungssystem Sonstiges Psychosomatische Leiden Kosten Eine Therapiesitzung von 60 Minuten kostet bei mir 144 Franken. Ich bin anerkannt via div. Zusatzversicherungen.","og_url":"https:\/\/marinapierer.ch\/?page_id=58","og_site_name":"TCM Marina Pierer","article_modified_time":"2024-10-13T10:19:52+00:00","twitter_card":"summary_large_image","twitter_misc":{"Gesch\u00e4tzte Lesezeit":"2\u00a0Minuten"},"schema":{"@context":"https:\/\/schema.org","@graph":[{"@type":"WebPage","@id":"https:\/\/marinapierer.ch\/?page_id=58","url":"https:\/\/marinapierer.ch\/?page_id=58","name":"Therapieangebot - TCM Marina Pierer","isPartOf":{"@id":"https:\/\/marinapierer.ch\/#website"},"datePublished":"2019-08-17T17:15:11+00:00","dateModified":"2024-10-13T10:19:52+00:00","breadcrumb":{"@id":"https:\/\/marinapierer.ch\/?page_id=58#breadcrumb"},"inLanguage":"de","potentialAction":[{"@type":"ReadAction","target":["https:\/\/marinapierer.ch\/?page_id=58"]}]},{"@type":"BreadcrumbList","@id":"https:\/\/marinapierer.ch\/?page_id=58#breadcrumb","itemListElement":[{"@type":"ListItem","position":1,"name":"Startseite","item":"https:\/\/marinapierer.ch\/"},{"@type":"ListItem","position":2,"name":"Therapieangebot"}]},{"@type":"WebSite","@id":"https:\/\/marinapierer.ch\/#website","url":"https:\/\/marinapierer.ch\/","name":"TCM Marina Pierer","description":"Praxis f\u00fcr chinesische Medizin","publisher":{"@id":"https:\/\/marinapierer.ch\/#organization"},"potentialAction":[{"@type":"SearchAction","target":{"@type":"EntryPoint","urlTemplate":"https:\/\/marinapierer.ch\/?s={search_term_string}"},"query-input":"required name=search_term_string"}],"inLanguage":"de"},{"@type":"Organization","@id":"https:\/\/marinapierer.ch\/#organization","name":"TCM Marina Pierer","url":"https:\/\/marinapierer.ch\/","logo":{"@type":"ImageObject","inLanguage":"de","@id":"https:\/\/marinapierer.ch\/#\/schema\/logo\/image\/","url":"https:\/\/marinapierer.ch\/wp-content\/uploads\/2023\/03\/cropped-Logo_TCM_Marina_Pierer_2023_1.jpg","contentUrl":"https:\/\/marinapierer.ch\/wp-content\/uploads\/2023\/03\/cropped-Logo_TCM_Marina_Pierer_2023_1.jpg","width":1913,"height":594,"caption":"TCM Marina Pierer"},"image":{"@id":"https:\/\/marinapierer.ch\/#\/schema\/logo\/image\/"}}]}},"_links":{"self":[{"href":"https:\/\/marinapierer.ch\/index.php?rest_route=\/wp\/v2\/pages\/58"}],"collection":[{"href":"https:\/\/marinapierer.ch\/index.php?rest_route=\/wp\/v2\/pages"}],"about":[{"href":"https:\/\/marinapierer.ch\/index.php?rest_route=\/wp\/v2\/types\/page"}],"author":[{"embeddable":true,"href":"https:\/\/marinapierer.ch\/index.php?rest_route=\/wp\/v2\/users\/1"}],"replies":[{"embeddable":true,"href":"https:\/\/marinapierer.ch\/index.php?rest_route=%2Fwp%2Fv2%2Fcomments&post=58"}],"version-history":[{"count":39,"href":"https:\/\/marinapierer.ch\/index.php?rest_route=\/wp\/v2\/pages\/58\/revisions"}],"predecessor-version":[{"id":298,"href":"https:\/\/marinapierer.ch\/index.php?rest_route=\/wp\/v2\/pages\/58\/revisions\/298"}],"wp:attachment":[{"href":"https:\/\/marinapierer.ch\/index.php?rest_route=%2Fwp%2Fv2%2Fmedia&parent=58"}],"curies":[{"name":"wp","href":"https:\/\/api.w.org\/{rel}","templated":true}]}}